{"id":7,"date":"2024-05-30T10:23:02","date_gmt":"2024-05-30T10:23:02","guid":{"rendered":"http:\/\/petramorbin.fi\/?page_id=7"},"modified":"2025-03-12T07:59:09","modified_gmt":"2025-03-12T07:59:09","slug":"minusta","status":"publish","type":"page","link":"https:\/\/petramorbin.fi\/?page_id=7","title":{"rendered":"Minusta"},"content":{"rendered":"\n<p>Olen syntynyt Oulussa, kasvanut Sein\u00e4joella. Sanon usein olevani &#8221;Pohjanmaalta&#8221;, kun puhutaan &#8221;suurin piirtein&#8221; mist\u00e4 kukin on. Olen ylpe\u00e4 Etel\u00e4-Pohjalaisista juuristani ja monesta toimintatapaani tai arvoihini vaikuttavasta asiasta. Asiat on ja tehd\u00e4\u00e4n, niin kuin on sovittu ja luvattu. Asioita laitetaan tapahtumaan ja omista pidet\u00e4\u00e4n huolta. Kuulen n\u00e4m\u00e4 lauseet p\u00e4\u00e4ss\u00e4ni etel\u00e4-pohojalaasella murtehella, vaikka murre ei ole tunnistettavissa arkipuheessani. Muutin 2000 Helsinkiin opiskelemaan ja PK-seudulla olenkin asunut jo suurimman osan el\u00e4m\u00e4st\u00e4ni. Espoossa olen asunut vuodesta 2009 alkaen.<\/p>\n\n\n\n<div class=\"wp-block-columns is-layout-flex wp-container-core-columns-is-layout-9d6595d7 wp-block-columns-is-layout-flex\">\n<div class=\"wp-block-column is-layout-flow wp-block-column-is-layout-flow\">\n<p><strong>Petra Morbin<\/strong><\/p>\n\n\n\n<ul class=\"wp-block-list\">\n<li>Synt 1977<\/li>\n\n\n\n<li>Kolme tyt\u00e4rt\u00e4, synt 2008, 2010, 2013<\/li>\n\n\n\n<li>Asun Pohjois-Espoossa<\/li>\n\n\n\n<li>Kaksi koiraa<\/li>\n\n\n\n<li>Rakastan luonnossa liikkumista, piha- ja puutarhahommia<\/li>\n\n\n\n<li>Harrastan juoksua, mieluiten poluilla.<\/li>\n<\/ul>\n\n\n\n<p><\/p>\n<\/div>\n\n\n\n<div class=\"wp-block-column is-layout-flow wp-block-column-is-layout-flow\">\n<figure class=\"wp-block-image size-full\"><img loading=\"lazy\" decoding=\"async\" width=\"640\" height=\"480\" src=\"https:\/\/petramorbin.fi\/wp-content\/uploads\/2025\/03\/PetraMorbinNuuksiossa.jpg\" alt=\"\" class=\"wp-image-518\" srcset=\"https:\/\/petramorbin.fi\/wp-content\/uploads\/2025\/03\/PetraMorbinNuuksiossa.jpg 640w, https:\/\/petramorbin.fi\/wp-content\/uploads\/2025\/03\/PetraMorbinNuuksiossa-300x225.jpg 300w, https:\/\/petramorbin.fi\/wp-content\/uploads\/2025\/03\/PetraMorbinNuuksiossa-80x60.jpg 80w\" sizes=\"auto, (max-width: 640px) 100vw, 640px\" \/><figcaption class=\"wp-element-caption\">Nuuksiossa melontaretkelle l\u00e4hd\u00f6ss\u00e4 syksyll\u00e4 2024.<\/figcaption><\/figure>\n<\/div>\n<\/div>\n\n\n\n<p>Lue lis\u00e4\u00e4 klikkaamalla nuolesta.<\/p>\n\n\n\n<details class=\"wp-block-details is-layout-flow wp-block-details-is-layout-flow\"><summary>Arvoni<\/summary>\n<p>Olen kasvanut ymp\u00e4rist\u00f6ss\u00e4, jossa tunnollisuus ja luotettavuus ovat olleet t\u00e4rkeit\u00e4, kuten my\u00f6s oikeudenmukaisuus sek\u00e4 toisista huolehtiminen. N\u00e4m\u00e4 ovat juurtuneet syv\u00e4lle. Aikuisemmalla i\u00e4ll\u00e4 on tullut mietitty\u00e4 omien lasten sek\u00e4 oman henkisen kasvun prosesseissa arvoja ylip\u00e4\u00e4t\u00e4\u00e4n ja miten ne n\u00e4kyv\u00e4t tai haluan olevan osa arkeani. Meill\u00e4 on usein pieni\u00e4 valinnan kohtia arjessamme, jolloin on mahdollisuus seurata omia arvoja tai muita oman el\u00e4m\u00e4ns\u00e4 kokonaiskuvan kannalta t\u00e4rkeit\u00e4 asioita. Valintojen mahdollisuudet voivat vaihdella esimerkiksi avun antamisen, johonkin osallistumisen tai jollekin jonkun \u00e4\u00e4neen sanomisessa. Olen saanut aikaisemmin opettaessani opiskelijoiltani palautetta siit\u00e4, kun kohtelin kaikkia oikeudenmukaisesti samoilla s\u00e4\u00e4nn\u00f6ill\u00e4 ja tavoilla. T\u00e4m\u00e4 on auttanut erilaisissa tilanteissa tekem\u00e4\u00e4n nopeitakin ratkaisuita helpommin,  kun on miettinyt taustalla noudatettavat pelis\u00e4\u00e4nt\u00f6ns\u00e4 tai ajatuslogiikkansa valmiiksi. Merkitt\u00e4v\u00e4 vaikutus omassa el\u00e4m\u00e4ss\u00e4ni on ollut my\u00f6s ahkeruudella ja sill\u00e4, ett\u00e4 k\u00e4\u00e4rii hihansa ja alkaa tehd\u00e4. Joskus se on sit\u00e4 ns raakaa perusty\u00f6t\u00e4 tai uuden opettelua\/opiskelua. T\u00e4ll\u00e4 olen my\u00f6t\u00e4vaikuttanut arjessani asumiseen (edellinen iso ja hullu laajennusprojekti sek\u00e4 nykyisen kotini ja pihan rakentaminen yksin). Tai siin\u00e4, kuinka olen ty\u00f6n ja lapsien ohessa liikkunut kohtuullisen paljon &#8211; usein motivaattoreina ovat koirani.<\/p>\n\n\n\n<p>T\u00e4t\u00e4 arvojeni mukaista polkua olen nytkin kulkemassa. Koen, ett\u00e4 minulla on osaamista ja halua olla vaikuttamassa ja auttamassa yhteiskuntamme tuleviin suuntiin seuraavaksi poliittista kautta. Vapaaehtoisuutta olen eri muodoissa isommin ja pienemmin toteuttanut t\u00e4h\u00e4n saakka koko ajan (esim yhdistystoiminta, paikallinen oman aktiivisuus ja apu). Taidetaan voida arvoihin laskea sekin, miten asioita hoidetaan ja muiden ihmisten kanssa kommunikoidaan ja kohdellaan. T\u00e4m\u00e4 alkaakin olla jatkuvasti isompi haaste ja vallan k\u00e4ytt\u00e4jien (vallank\u00e4ytt\u00e4jill\u00e4 tarkoitan my\u00f6s jonkun ryhm\u00e4n esikuvia musiikki-, some- tai muut, joilla on valtaa muuttaa tai vaikuttaa toisten ajatteluun tai tekemisiin &#8211; my\u00f6s vanhemmuus tai ty\u00f6n (aseman) kautta meill\u00e4 voi olla valtaa. Valta tuo vastuuta. Mustavalkoinen ajattelu ja vastakkainasettelu n\u00e4kyy koko ajan vahvemmin ihan kaikessa. Joko v\u00e4itell\u00e4\u00e4n oikeammasta tavasta toimia tai kuka on parempi. Annan arvoa koko ajan enemm\u00e4n fiksulle asioiden hoitamiselle ja kommunikaatiolle. Se ei varmasti ole mediaseksikk\u00e4int\u00e4 tai muutoin hekumallisinta, mutta asiasta riippuen, ei pid\u00e4k\u00e4\u00e4n olla. Mit\u00e4 isommista asioista keskustellaan, kyky kommunikoida, laajentaa tietopohjaansa ja keskustella n\u00e4k\u00f6kulmista &#8211; tarvittaessa muuttaa ajatuksiaan &#8211; on merkitt\u00e4v\u00e4 taito, jota haluan itse vaalia.<\/p>\n\n\n\n<p><strong>Tavoiteasettelu<\/strong><\/p>\n\n\n\n<p>Minulla on aina toiminut hyvin se, ett\u00e4 asetan itse itselleni tavoitteen, jota kohden tai jonka eteen teen t\u00f6it\u00e4. Tavoitteita on ollut mm. tietyn osaamisen hankkiminen (en puhu vain tutkinnoista tai ty\u00f6ss\u00e4 aikaansaadusta tavoitteesta vaan my\u00f6s aidan rakentaminen tai p\u00e4\u00e4ll\u00e4 seisonta, jotka ovat saavutettuja tavoitteita matkan varrella). Yksi merkitt\u00e4v\u00e4 tavoite itselleni on olla onnellinen. Sit\u00e4 olen pohtinut paljon, ett\u00e4 mist\u00e4 onni koostuu. Selv\u00e4\u00e4h\u00e4n se on, ett\u00e4 omat lapset ja moni lapsiin liittyv\u00e4 asia ovat yksi merkitt\u00e4vist\u00e4 onnellisuuden tuottajista. Muita ovat esimerkiksi oman kehon hyvinvointi (jota on sairastumisten my\u00f6t\u00e4 oppinut arvostamaan ihan eri tavalla eik\u00e4 pid\u00e4 terveytt\u00e4 itsest\u00e4\u00e4nselvyyten\u00e4), perhe ja ihmiset ymp\u00e4rill\u00e4ni, luonto, onnistumisen kokemukset sek\u00e4 se, ett\u00e4 pystyn aikaansaada vaikutusta, joka heijastaa tavalla tai toisella muihin ihmisiin hyv\u00e4\u00e4 tai mahdollistaa. T\u00e4m\u00e4 viimeinen on ollut etenkin ty\u00f6ss\u00e4ni eteenp\u00e4in viev\u00e4 asia ja olenkin ylpe\u00e4, millaisia toimintamalleja (isompia ja pienempi\u00e4) olen saanut olla rakentamassa, joiden my\u00f6s moni on saanut sujuvia polkuja opiskelun kautta ty\u00f6h\u00f6n tai ty\u00f6ss\u00e4\u00e4n arkeen helpotusta tai sujuvuutta. Nyt t\u00e4m\u00e4 sama on se moottori, joka ohjaa minua mukaan sellaisiin toimintoihin, joissa saan vaikuttaa toisella tavalla. Olen paljon my\u00f6s kirjoittanut itselleni merkitt\u00e4vist\u00e4 teemoista, jonka tarkoitus on omalta pienelt\u00e4 osaltaan auttaa huomioimaan tai tunnistamaan n\u00e4it\u00e4 asioita, joita nostan esiin.<\/p>\n<\/details>\n\n\n\n<details class=\"wp-block-details is-layout-flow wp-block-details-is-layout-flow\"><summary>Luonto<\/summary>\n<p>Liikun useita kertoja viikossa metsiss\u00e4 ja muissa kivoissa luontoreiteill\u00e4. Koirien kanssa lenkkeily tulee t\u00e4t\u00e4 ja pit\u00e4\u00e4 liikkeess\u00e4, mutta valitsen reissuilla my\u00f6s mieluusti tutkia paikallista luontoa jollain tavalla. Yksi vaikuttavimmista paikoista reissuilla on ollut Skotlannin Cairngorms ja Ben Nevis sek\u00e4 tietenkin Keski-Euroopan vuoristo.<\/p>\n\n\n\n<p>Nautin siit\u00e4, ett\u00e4 p\u00e4\u00e4sen kotiovelta kauniiseen luontoon. Oman alueemme kultakimpaleita ovat luonnonsuojelualueet ja luonnossa olevat virkistysalueet. Pohjois-Espoon kehityksess\u00e4 luonto on t\u00e4rke\u00e4ss\u00e4 roolissa ja siit\u00e4 olemmekin paikallisesti olleet tarkkoja, ett\u00e4 t\u00e4m\u00e4 huomioidaan kaupunkikehityksess\u00e4. Ainutlaatuista etenkin PK-seudulla, ett\u00e4 voi asua ja ylip\u00e4\u00e4t\u00e4\u00e4n on n\u00e4in ainutlatuista luontoa helposti saavutettavissa. Siit\u00e4 pit\u00e4\u00e4 pit\u00e4\u00e4 kiinni ja vaalia.<\/p>\n\n\n\n<figure class=\"wp-block-image size-full\"><img loading=\"lazy\" decoding=\"async\" width=\"640\" height=\"480\" src=\"https:\/\/petramorbin.fi\/wp-content\/uploads\/2024\/06\/PetraKesainenJuoksuJarvi.jpg\" alt=\"\" class=\"wp-image-106\" srcset=\"https:\/\/petramorbin.fi\/wp-content\/uploads\/2024\/06\/PetraKesainenJuoksuJarvi.jpg 640w, https:\/\/petramorbin.fi\/wp-content\/uploads\/2024\/06\/PetraKesainenJuoksuJarvi-300x225.jpg 300w, https:\/\/petramorbin.fi\/wp-content\/uploads\/2024\/06\/PetraKesainenJuoksuJarvi-80x60.jpg 80w\" sizes=\"auto, (max-width: 640px) 100vw, 640px\" \/><\/figure>\n<\/details>\n\n\n\n<details class=\"wp-block-details is-layout-flow wp-block-details-is-layout-flow\"><summary>Juokseminen<\/summary>\n<p>Sain 3\/2017 aivoinfarktin, joka toimi suurena mullistajana ja vaikuttajana monella tavalla sen j\u00e4lkeisess\u00e4 el\u00e4m\u00e4ss\u00e4ni. Osana kuntoutusta oli koittaa palautua liikkumaan entiseen tapaan. Ihan helppoa se ei ollut. En oikeastaan pystynyt juosta lainkaan, koska sain ihan j\u00e4rjett\u00f6mi\u00e4 p\u00e4\u00e4ns\u00e4rkyj\u00e4 ja oli vaikea hallita sykkeit\u00e4 ja ylip\u00e4\u00e4t\u00e4\u00e4n liikkua muutoin kuin hitaasti hiimaillen. Asetin n 1\/2018 itselleni silloin utopistiselta kuulostavan tavoitteen: juoksen puolimaratonin. En ollut aikaisemmin harrastanut juoksua saati noin pitki\u00e4 matkoja. En ollut perehtynyt mitenk\u00e4\u00e4n pidempien matkojen juoksemiseen saati juossut niit\u00e4. Pidensin juoksujani tolpan v\u00e4li kerrallaan ja juoksin tavoitteeni, el\u00e4m\u00e4ni ensimm\u00e4isen puolimaratonin toukokuussa 2019 ajalla 1.57.06. Sen j\u00e4lkeen olen jatkanut juoksemista. Se toimii itselleni ajatusten tuulettajana ja selkiytt\u00e4j\u00e4n\u00e4. Nautin kanavoida energiaani juosten. Olen jatkanut itseni haastamista ja osallistunut useampiin erilaisiin juoksutapahtumiin ja innostunut juoksemaan enemm\u00e4n poluilla. P\u00e4ivittelen Instagramiin tilille: @petran_treenijuttuja juoksuun ja liikkumiseen liittyvi\u00e4 asioita.<\/p>\n\n\n\n<div class=\"wp-block-columns is-layout-flex wp-container-core-columns-is-layout-9d6595d7 wp-block-columns-is-layout-flex\">\n<div class=\"wp-block-column is-layout-flow wp-block-column-is-layout-flow\">\n<figure class=\"wp-block-image size-full\"><img loading=\"lazy\" decoding=\"async\" width=\"640\" height=\"480\" src=\"https:\/\/petramorbin.fi\/wp-content\/uploads\/2024\/06\/PetraMorbinEnsimmainenPuolimaraton.jpg\" alt=\"\" class=\"wp-image-109\" srcset=\"https:\/\/petramorbin.fi\/wp-content\/uploads\/2024\/06\/PetraMorbinEnsimmainenPuolimaraton.jpg 640w, https:\/\/petramorbin.fi\/wp-content\/uploads\/2024\/06\/PetraMorbinEnsimmainenPuolimaraton-300x225.jpg 300w, https:\/\/petramorbin.fi\/wp-content\/uploads\/2024\/06\/PetraMorbinEnsimmainenPuolimaraton-80x60.jpg 80w\" sizes=\"auto, (max-width: 640px) 100vw, 640px\" \/><\/figure>\n<\/div>\n\n\n\n<div class=\"wp-block-column is-layout-flow wp-block-column-is-layout-flow\">\n<p>Toinen kuva ensimm\u00e4isen puolimaratonin j\u00e4lkeen 2019 ja toinen kev\u00e4\u00e4n 2024 Bodom Trailin 12 km j\u00e4lkeen.<\/p>\n\n\n\n<p>21,1 km 1.54.36 \/ 2020<\/p>\n\n\n\n<p>10 km 46,30 \/ 2020<\/p>\n\n\n\n<p>5 km 21,24 \/ 2020<\/p>\n<\/div>\n\n\n\n<div class=\"wp-block-column is-layout-flow wp-block-column-is-layout-flow\">\n<figure class=\"wp-block-image size-full\"><img loading=\"lazy\" decoding=\"async\" width=\"640\" height=\"480\" src=\"https:\/\/petramorbin.fi\/wp-content\/uploads\/2024\/06\/PetraMorbinPolkujuoksu2024.jpg\" alt=\"\" class=\"wp-image-110\" srcset=\"https:\/\/petramorbin.fi\/wp-content\/uploads\/2024\/06\/PetraMorbinPolkujuoksu2024.jpg 640w, https:\/\/petramorbin.fi\/wp-content\/uploads\/2024\/06\/PetraMorbinPolkujuoksu2024-300x225.jpg 300w, https:\/\/petramorbin.fi\/wp-content\/uploads\/2024\/06\/PetraMorbinPolkujuoksu2024-80x60.jpg 80w\" sizes=\"auto, (max-width: 640px) 100vw, 640px\" \/><\/figure>\n<\/div>\n<\/div>\n<\/details>\n\n\n\n<details class=\"wp-block-details is-layout-flow wp-block-details-is-layout-flow\"><summary>Piha ja puutarha<\/summary>\n<p>Aikanaan omakotitaloon muutettuani minua puraisi puutarhak\u00e4rp\u00e4nen ja olen siit\u00e4 l\u00e4htien tyk\u00e4nnyt rakennella omaan pihaan kukkapenkkej\u00e4 ja kasvattaa kukkia. Tyylini on omanlaisensa versio cottage gardenista. Nyt minulla on pieni oma itse rakentamani piha, jossa kukkahommat ovat alkuvaiheessa, mutta ilahduttavat valtavasti jo nyt! Omasta taloprojektistani p\u00e4\u00e4set katsomaan kuvia IG @projektipikkurauhala<\/p>\n\n\n\n<div class=\"wp-block-columns is-layout-flex wp-container-core-columns-is-layout-9d6595d7 wp-block-columns-is-layout-flex\">\n<div class=\"wp-block-column is-layout-flow wp-block-column-is-layout-flow\">\n<figure class=\"wp-block-image size-full\"><img loading=\"lazy\" decoding=\"async\" width=\"480\" height=\"640\" src=\"https:\/\/petramorbin.fi\/wp-content\/uploads\/2024\/06\/PetraMorbinPuutarhahommat.jpg\" alt=\"\" class=\"wp-image-123\" srcset=\"https:\/\/petramorbin.fi\/wp-content\/uploads\/2024\/06\/PetraMorbinPuutarhahommat.jpg 480w, https:\/\/petramorbin.fi\/wp-content\/uploads\/2024\/06\/PetraMorbinPuutarhahommat-225x300.jpg 225w, https:\/\/petramorbin.fi\/wp-content\/uploads\/2024\/06\/PetraMorbinPuutarhahommat-45x60.jpg 45w\" sizes=\"auto, (max-width: 480px) 100vw, 480px\" \/><\/figure>\n<\/div>\n\n\n\n<div class=\"wp-block-column is-layout-flow wp-block-column-is-layout-flow\">\n<figure class=\"wp-block-image size-full\"><img loading=\"lazy\" decoding=\"async\" width=\"640\" height=\"480\" src=\"https:\/\/petramorbin.fi\/wp-content\/uploads\/2024\/06\/PetranAita.jpg\" alt=\"\" class=\"wp-image-124\" srcset=\"https:\/\/petramorbin.fi\/wp-content\/uploads\/2024\/06\/PetranAita.jpg 640w, https:\/\/petramorbin.fi\/wp-content\/uploads\/2024\/06\/PetranAita-300x225.jpg 300w, https:\/\/petramorbin.fi\/wp-content\/uploads\/2024\/06\/PetranAita-80x60.jpg 80w\" sizes=\"auto, (max-width: 640px) 100vw, 640px\" \/><\/figure>\n\n\n\n<p>Itse rakentamani aita, itse asentamani liuskekivet, tekem\u00e4ni kukkapenkit kev\u00e4\u00e4ll\u00e4 2024.<\/p>\n<\/div>\n\n\n\n<div class=\"wp-block-column is-layout-flow wp-block-column-is-layout-flow\">\n<figure class=\"wp-block-image size-full\"><img loading=\"lazy\" decoding=\"async\" width=\"480\" height=\"640\" src=\"https:\/\/petramorbin.fi\/wp-content\/uploads\/2024\/06\/PetraPihatyot.jpg\" alt=\"\" class=\"wp-image-125\" srcset=\"https:\/\/petramorbin.fi\/wp-content\/uploads\/2024\/06\/PetraPihatyot.jpg 480w, https:\/\/petramorbin.fi\/wp-content\/uploads\/2024\/06\/PetraPihatyot-225x300.jpg 225w, https:\/\/petramorbin.fi\/wp-content\/uploads\/2024\/06\/PetraPihatyot-45x60.jpg 45w\" sizes=\"auto, (max-width: 480px) 100vw, 480px\" \/><\/figure>\n<\/div>\n<\/div>\n<\/details>\n\n\n\n<details class=\"wp-block-details is-layout-flow wp-block-details-is-layout-flow\"><summary>Koirien kanssa tehty ty\u00f6<\/summary>\n<p>Minulla on ollut koiria vuodesta 1989 alkaen. Ostin ensimm\u00e4isen oman koirani 1996 ja 1999 minulle my\u00f6nnettiin kasvattajanimi <a href=\"https:\/\/www.facebook.com\/greenperrys\/\" data-type=\"link\" data-id=\"https:\/\/www.facebook.com\/greenperrys\/\">Kennel Green Perry&#8217;s<\/a>. Olen vuosien mittaan sanaut Lauri Vuolasvirta -palkinnon ansiokkaasta kasvatusty\u00f6st\u00e4 parsonrussellinterriereiden kanssa tehdyst\u00e4 ty\u00f6st\u00e4. Kasvatusty\u00f6ni on palkittu my\u00f6s Suomen Koirankasvattajat ry:n Kasvattaja -palkinnolla sek\u00e4 kahdesti rotuj\u00e4rjest\u00f6n Vuoden Koirankasvattajana. Toimintani on ollut pienimuotoista ja nykyisin ihan tauolla. Lue lis\u00e4\u00e4 aikaisemmasta kasvatusty\u00f6st\u00e4ni <a href=\"https:\/\/greenperrys.wordpress.com\/\">t\u00e4\u00e4lt\u00e4<\/a>. Olen kirjoittanut paljon eettisen koirankasvatuksen puolesta ja siit\u00e4 l\u00e4htikin kampanjaa asian tiimoilta laajemmin liikkeelle. Toimin my\u00f6s <a href=\"https:\/\/youtu.be\/qCqwL00u_a8?si=B1raIe-l0PPGHSvr\">Kennelliiton kasvona<\/a> t\u00e4lt\u00e4 teemalta. Alla kuvat Amsterdamin Maailman Voittaja n\u00e4yttelyst\u00e4 2018, jossa Luru (Green Perry&#8217;s Butterfly) voitti kaksi Hollannin serti\u00e4 ja Maailman Veteraani Voittaja -tittelin. Toisessa kuvassa Helsingin Wolrd Terrier Show Rotunsa paras ja Rotunsa parhaan k\u00e4ytt\u00f6koirat Luru (C.I.B. <a href=\"https:\/\/jalostus.kennelliitto.fi\/frmKoira.aspx?RekNo=FI46157%2F10&amp;R=339\">multivalio, KVA-V, KVA-L Green Perry&#8217;s Butterfly<\/a>) ja veljen\u00e4 Elmo (<a href=\"https:\/\/jalostus.kennelliitto.fi\/frmKoira.aspx?RekNo=FI46156%2F10&amp;R=339\">FI AVA, AVA-H, KVA-L, KVA-M, FI MVA, Agi SM-1 Green Perry&#8217;s Boomer<\/a>) ja Annina Myllyaho.<\/p>\n\n\n\n<p>Koirajuttuja p\u00e4\u00e4set seuraamaan Instagramista: @greenperrys<\/p>\n\n\n\n<div class=\"wp-block-columns is-layout-flex wp-container-core-columns-is-layout-9d6595d7 wp-block-columns-is-layout-flex\">\n<div class=\"wp-block-column is-layout-flow wp-block-column-is-layout-flow\">\n<figure class=\"wp-block-image size-full\"><img loading=\"lazy\" decoding=\"async\" width=\"709\" height=\"709\" src=\"https:\/\/petramorbin.fi\/wp-content\/uploads\/2024\/06\/PetraMorbinJaLuruWorldWinnerAmsterdam.jpg\" alt=\"\" class=\"wp-image-116\" srcset=\"https:\/\/petramorbin.fi\/wp-content\/uploads\/2024\/06\/PetraMorbinJaLuruWorldWinnerAmsterdam.jpg 709w, https:\/\/petramorbin.fi\/wp-content\/uploads\/2024\/06\/PetraMorbinJaLuruWorldWinnerAmsterdam-300x300.jpg 300w, https:\/\/petramorbin.fi\/wp-content\/uploads\/2024\/06\/PetraMorbinJaLuruWorldWinnerAmsterdam-150x150.jpg 150w, https:\/\/petramorbin.fi\/wp-content\/uploads\/2024\/06\/PetraMorbinJaLuruWorldWinnerAmsterdam-60x60.jpg 60w\" sizes=\"auto, (max-width: 709px) 100vw, 709px\" \/><\/figure>\n<\/div>\n\n\n\n<div class=\"wp-block-column is-layout-flow wp-block-column-is-layout-flow\">\n<figure class=\"wp-block-image size-full\"><img loading=\"lazy\" decoding=\"async\" width=\"960\" height=\"640\" src=\"https:\/\/petramorbin.fi\/wp-content\/uploads\/2024\/06\/WorldTerrierShowPetraMorbinAnninaMyllyaho.jpg\" alt=\"\" class=\"wp-image-117\" srcset=\"https:\/\/petramorbin.fi\/wp-content\/uploads\/2024\/06\/WorldTerrierShowPetraMorbinAnninaMyllyaho.jpg 960w, https:\/\/petramorbin.fi\/wp-content\/uploads\/2024\/06\/WorldTerrierShowPetraMorbinAnninaMyllyaho-300x200.jpg 300w, https:\/\/petramorbin.fi\/wp-content\/uploads\/2024\/06\/WorldTerrierShowPetraMorbinAnninaMyllyaho-768x512.jpg 768w, https:\/\/petramorbin.fi\/wp-content\/uploads\/2024\/06\/WorldTerrierShowPetraMorbinAnninaMyllyaho-90x60.jpg 90w\" sizes=\"auto, (max-width: 960px) 100vw, 960px\" \/><\/figure>\n<\/div>\n<\/div>\n<\/details>\n","protected":false},"excerpt":{"rendered":"<p>Olen syntynyt Oulussa, kasvanut Sein\u00e4joella. Sanon usein olevani &#8221;Pohjanmaalta&#8221;, kun puhutaan &#8221;suurin piirtein&#8221; mist\u00e4 kukin on. Olen ylpe\u00e4 Etel\u00e4-Pohjalaisista juuristani ja monesta toimintatapaani tai arvoihini vaikuttavasta asiasta. Asiat on ja tehd\u00e4\u00e4n, niin kuin on sovittu ja luvattu. Asioita laitetaan tapahtumaan ja omista pidet\u00e4\u00e4n huolta. Kuulen n\u00e4m\u00e4 lauseet p\u00e4\u00e4ss\u00e4ni etel\u00e4-pohojalaasella murtehella, vaikka murre ei ole tunnistettavissa &hellip; <\/p>\n","protected":false},"author":1,"featured_media":272,"parent":0,"menu_order":1,"comment_status":"closed","ping_status":"closed","template":"","meta":{"footnotes":""},"class_list":["post-7","page","type-page","status-publish","has-post-thumbnail","hentry"],"_links":{"self":[{"href":"https:\/\/petramorbin.fi\/index.php?rest_route=\/wp\/v2\/pages\/7","targetHints":{"allow":["GET"]}}],"collection":[{"href":"https:\/\/petramorbin.fi\/index.php?rest_route=\/wp\/v2\/pages"}],"about":[{"href":"https:\/\/petramorbin.fi\/index.php?rest_route=\/wp\/v2\/types\/page"}],"author":[{"embeddable":true,"href":"https:\/\/petramorbin.fi\/index.php?rest_route=\/wp\/v2\/users\/1"}],"replies":[{"embeddable":true,"href":"https:\/\/petramorbin.fi\/index.php?rest_route=%2Fwp%2Fv2%2Fcomments&post=7"}],"version-history":[{"count":21,"href":"https:\/\/petramorbin.fi\/index.php?rest_route=\/wp\/v2\/pages\/7\/revisions"}],"predecessor-version":[{"id":519,"href":"https:\/\/petramorbin.fi\/index.php?rest_route=\/wp\/v2\/pages\/7\/revisions\/519"}],"wp:featuredmedia":[{"embeddable":true,"href":"https:\/\/petramorbin.fi\/index.php?rest_route=\/wp\/v2\/media\/272"}],"wp:attachment":[{"href":"https:\/\/petramorbin.fi\/index.php?rest_route=%2Fwp%2Fv2%2Fmedia&parent=7"}],"curies":[{"name":"wp","href":"https:\/\/api.w.org\/{rel}","templated":true}]}}