{"id":539,"date":"2025-06-24T08:22:21","date_gmt":"2025-06-24T08:22:21","guid":{"rendered":"https:\/\/petramorbin.fi\/?page_id=539"},"modified":"2025-07-29T13:07:15","modified_gmt":"2025-07-29T13:07:15","slug":"vaikuttamistyo-ja-luottamustoimista","status":"publish","type":"page","link":"https:\/\/petramorbin.fi\/?page_id=539","title":{"rendered":"Luottamus- ja vaikuttamisty\u00f6"},"content":{"rendered":"\n<p>T\u00e4nne avaan luottamustoimistani asioita<\/p>\n\n\n\n<div class=\"wp-block-columns is-layout-flex wp-container-core-columns-is-layout-9d6595d7 wp-block-columns-is-layout-flex\">\n<div class=\"wp-block-column is-layout-flow wp-block-column-is-layout-flow\">\n<p>Kalaj\u00e4rvi-seuran puheenjohtajuus<\/p>\n<\/div>\n\n\n\n<div class=\"wp-block-column is-layout-flow wp-block-column-is-layout-flow\">\n<p>Kulttuuri- ja nuorisolautakunta<\/p>\n<\/div>\n\n\n\n<div class=\"wp-block-column is-layout-flow wp-block-column-is-layout-flow\">\n<p>Espoon Kokoomuksen valtuustoryhm\u00e4<\/p>\n<\/div>\n<\/div>\n\n\n\n<div class=\"wp-block-columns is-layout-flex wp-container-core-columns-is-layout-9d6595d7 wp-block-columns-is-layout-flex\">\n<div class=\"wp-block-column is-layout-flow wp-block-column-is-layout-flow\">\n<p>Laurean Espoo-Lohjan alueneuvottelukunnan puheenjohtajuus<\/p>\n<\/div>\n\n\n\n<div class=\"wp-block-column is-layout-flow wp-block-column-is-layout-flow\"><\/div>\n\n\n\n<div class=\"wp-block-column is-layout-flow wp-block-column-is-layout-flow\"><\/div>\n<\/div>\n","protected":false},"excerpt":{"rendered":"<p>T\u00e4nne avaan luottamustoimistani asioita Kalaj\u00e4rvi-seuran puheenjohtajuus Kulttuuri- ja nuorisolautakunta Espoon Kokoomuksen valtuustoryhm\u00e4 Laurean Espoo-Lohjan alueneuvottelukunnan puheenjohtajuus<\/p>\n","protected":false},"author":1,"featured_media":545,"parent":0,"menu_order":3,"comment_status":"closed","ping_status":"closed","template":"","meta":{"footnotes":""},"class_list":["post-539","page","type-page","status-publish","has-post-thumbnail","hentry"],"_links":{"self":[{"href":"https:\/\/petramorbin.fi\/index.php?rest_route=\/wp\/v2\/pages\/539","targetHints":{"allow":["GET"]}}],"collection":[{"href":"https:\/\/petramorbin.fi\/index.php?rest_route=\/wp\/v2\/pages"}],"about":[{"href":"https:\/\/petramorbin.fi\/index.php?rest_route=\/wp\/v2\/types\/page"}],"author":[{"embeddable":true,"href":"https:\/\/petramorbin.fi\/index.php?rest_route=\/wp\/v2\/users\/1"}],"replies":[{"embeddable":true,"href":"https:\/\/petramorbin.fi\/index.php?rest_route=%2Fwp%2Fv2%2Fcomments&post=539"}],"version-history":[{"count":3,"href":"https:\/\/petramorbin.fi\/index.php?rest_route=\/wp\/v2\/pages\/539\/revisions"}],"predecessor-version":[{"id":562,"href":"https:\/\/petramorbin.fi\/index.php?rest_route=\/wp\/v2\/pages\/539\/revisions\/562"}],"wp:featuredmedia":[{"embeddable":true,"href":"https:\/\/petramorbin.fi\/index.php?rest_route=\/wp\/v2\/media\/545"}],"wp:attachment":[{"href":"https:\/\/petramorbin.fi\/index.php?rest_route=%2Fwp%2Fv2%2Fmedia&parent=539"}],"curies":[{"name":"wp","href":"https:\/\/api.w.org\/{rel}","templated":true}]}}