{"id":46,"date":"2024-05-30T13:44:52","date_gmt":"2024-05-30T13:44:52","guid":{"rendered":"https:\/\/petramorbin.fi\/?page_id=46"},"modified":"2025-06-24T08:37:54","modified_gmt":"2025-06-24T08:37:54","slug":"linkkeja-lehtijuttuihin","status":"publish","type":"page","link":"https:\/\/petramorbin.fi\/?page_id=46","title":{"rendered":"Mediassa n\u00e4kyvill\u00e4"},"content":{"rendered":"\n<div class=\"wp-block-columns is-layout-flex wp-container-core-columns-is-layout-9d6595d7 wp-block-columns-is-layout-flex\">\n<div class=\"wp-block-column is-layout-flow wp-block-column-is-layout-flow\" style=\"flex-basis:66.66%\">\n<figure class=\"wp-block-image size-full\"><img loading=\"lazy\" decoding=\"async\" width=\"486\" height=\"265\" src=\"https:\/\/petramorbin.fi\/wp-content\/uploads\/2025\/01\/Teemasta-toimeen-Morbin-paneeli.jpg\" alt=\"\" class=\"wp-image-446\" srcset=\"https:\/\/petramorbin.fi\/wp-content\/uploads\/2025\/01\/Teemasta-toimeen-Morbin-paneeli.jpg 486w, https:\/\/petramorbin.fi\/wp-content\/uploads\/2025\/01\/Teemasta-toimeen-Morbin-paneeli-300x164.jpg 300w, https:\/\/petramorbin.fi\/wp-content\/uploads\/2025\/01\/Teemasta-toimeen-Morbin-paneeli-110x60.jpg 110w\" sizes=\"auto, (max-width: 486px) 100vw, 486px\" \/><\/figure>\n<\/div>\n\n\n\n<div class=\"wp-block-column is-layout-flow wp-block-column-is-layout-flow\" style=\"flex-basis:33.33%\">\n<p>T\u00e4ss\u00e4 yhteen koottuna juttuja, joissa jollain tavalla olen mukana.<\/p>\n\n\n\n<p>Kuva 1 Megamakoisa -tapahtumasta, jossa haastattelin Malmg\u00e5rdin kreivi Henrik Creutzia.<\/p>\n\n\n\n<p>Kuva 2 Uudenmaan TE-palveuiden Teemasta Toimeen -paneelikeskustelusta &#8221;mara-ala nyt ja tulevaisuudessa&#8221;, jonka sain vet\u00e4\u00e4.<\/p>\n<\/div>\n<\/div>\n\n\n\n<div class=\"wp-block-columns is-layout-flex wp-container-core-columns-is-layout-9d6595d7 wp-block-columns-is-layout-flex\">\n<div class=\"wp-block-column is-layout-flow wp-block-column-is-layout-flow\">\n<p><strong>Ty\u00f6h\u00f6n liittyen<\/strong><\/p>\n\n\n\n<ul class=\"wp-block-list\">\n<li><strong>Podcast -asiantuntijavieraana<\/strong>:<a href=\"https:\/\/www.youtube.com\/watch?app=desktop&amp;v=DBCZ3S678MQ&amp;feature=youtu.be\"> Caleido: ammatillinen koulutus ja ty\u00f6el\u00e4m\u00e4 ovat murroksessa<\/a> 1\/2025<\/li>\n\n\n\n<li><strong>Podcast asiantuntijana<\/strong>: <a href=\"https:\/\/www.listennotes.com\/podcasts\/strapetsilla-podcast\/pedagogiikan-polttopisteess%C3%A4-pOq5i3QJ6a-\/\">Strapetsilla -podcast Pedagogiikan polttopisteess\u00e4<\/a> 12\/2024 Strategisen pedagogisen johtamisen hanke<\/li>\n\n\n\n<li><a href=\"https:\/\/www.youtube.com\/live\/sydhT84TPIQ?si=Xo1MUCbMxMx486AM\">Teemasta toimeen: TE-studio &#8211; MaRa-ala nyt ja tulevaisuudessa<\/a> (paneelikeskustelun vet\u00e4j\u00e4 ja asiantuntija)<\/li>\n\n\n\n<li>Teemasta toimeen: <a href=\"https:\/\/youtu.be\/fasZrNqjgNc?si=K3MpvOJdUGYGh3-o\">Rekrymessujen tunnelmat<\/a><\/li>\n\n\n\n<li>HS: <a href=\"https:\/\/www.hs.fi\/suomi\/art-2000008064497.html\">Oppisopimuksella ammattiin voi opiskella my\u00f6s kes\u00e4ll\u00e4<\/a> (oppisopimuksen asiantuntijaosuus)<\/li>\n\n\n\n<li>Omnia: <a href=\"https:\/\/www.omnia.fi\/uutiset\/ravintola-ala-hyva-ponnahduslauta-tyoelamaan\">Ravintola-ala on hyv\u00e4 ponnahduslauta ty\u00f6el\u00e4m\u00e4\u00e4n<\/a><\/li>\n\n\n\n<li>Helsinki: <a href=\"https:\/\/www.sttinfo.fi\/tiedote\/69867331\/majoitus--ja-ravitsemisala-kohtaa-megamakoisa-tapahtumassa?publisherId=60590288\">Majoitus- ja ravitsemisala kohtaa Megamakoisa-tapahtumassa<\/a><\/li>\n\n\n\n<li>Kauppalehti:<a href=\"https:\/\/www.kauppalehti.fi\/lehdistotiedotteet\/helsingin-kaupunki-kaupunginkanslia-majoitus-ja-ravitsemisala-kohtaa-megamakoisa-tapahtumassa\/904f3695-325b-3960-b6ef-36a94cf1c278\">Majoitus- ja ravitsemisala kohtaa Megamakoisa-tapahtumassa<\/a><\/li>\n\n\n\n<li>StadinAO Ty\u00f6el\u00e4m\u00e4lle: <a href=\"http:\/\/<iframe src=&quot;https:\/\/www.facebook.com\/plugins\/post.php?href=https%3A%2F%2Fwww.facebook.com%2Fstadiosaa%2Fphotos%2Fa.696055563832571%2F2469716299799813%2F%3Ftype%3D3&amp;show_text=true&amp;width=500&amp;is_preview=true&quot; width=&quot;500&quot; height=&quot;250&quot; style=&quot;border:none;overflow:hidden&quot; scrolling=&quot;no&quot; frameborder=&quot;0&quot; allowfullscreen=&quot;true&quot; allow=&quot;autoplay; clipboard-write; encrypted-media; picture-in-picture; web-share&quot;><\/iframe>&#8221;>Meet &amp; Greet rekrytapahtuma tuo ty\u00f6n ja tekij\u00e4t yhteen<\/a><\/li>\n<\/ul>\n<\/div>\n\n\n\n<div class=\"wp-block-column is-layout-flow wp-block-column-is-layout-flow\">\n<p><strong>Paikallista aktiivisuutta<\/strong><\/p>\n\n\n\n<ul class=\"wp-block-list\">\n<li>HS: <a href=\"https:\/\/www.hs.fi\/pkseutu\/art-2000011222261.html\">Kalaj\u00e4rvel\u00e4isi\u00e4 ei miellyt\u00e4 bussivuorojen heikennykset | HS.fi<\/a> 5\/2025<\/li>\n\n\n\n<li>HS: <a href=\"https:\/\/www.hs.fi\/kaupunki\/espoo\/art-2000007680681.html\">Pohjois-Espoossa on kuriton tie, jota ylitt\u00e4ess\u00e4 voi tapahtua mit\u00e4 tahansa<\/a><\/li>\n\n\n\n<li>YLE: <a href=\"https:\/\/yle.fi\/a\/3-9802088\">Ely-keskus poisti suojateit\u00e4 \u2013 Vanhemmat raivoissaan<\/a><\/li>\n\n\n\n<li>Nurmij\u00e4rven Sanomat: <a href=\"https:\/\/www.nurmijarvenuutiset.fi\/paikalliset\/1676325\">Ely-keskus poisti suojatiet vilkkaasti liikenn\u00f6idylt\u00e4 tielt\u00e4 \u2013 lasten pit\u00e4isi p\u00e4\u00e4st\u00e4 yli sopivaa v\u00e4li\u00e4 odottamalla<\/a><\/li>\n<\/ul>\n<\/div>\n\n\n\n<div class=\"wp-block-column is-layout-flow wp-block-column-is-layout-flow\">\n<p><strong>Muuta<\/strong><\/p>\n\n\n\n<ul class=\"wp-block-list\">\n<li>Kotivinkki 14.8.24: <a href=\"https:\/\/www.meillakotona.fi\/artikkelit\/petra-rakennutti-uuden-talon-vanhan-kotinsa-tontille\" data-type=\"link\" data-id=\"https:\/\/www.meillakotona.fi\/artikkelit\/petra-rakennutti-uuden-talon-vanhan-kotinsa-tontille\">Koti Eron j\u00e4lkeen, yhden naisen rakennusprojekti<\/a><\/li>\n\n\n\n<li>Iltasanomat: <a href=\"https:\/\/www.is.fi\/kotimaa\/art-2000008319980.html\">Vantaalaisen pojan etsinn\u00e4t p\u00e4\u00e4ttyiv\u00e4t suureen suruun<\/a><\/li>\n\n\n\n<li>Kennelliitto: <a href=\"https:\/\/youtu.be\/qCqwL00u_a8?si=B1raIe-l0PPGHSvr\">Vastuullinen koirankasvatus<\/a><\/li>\n\n\n\n<li>HS: <a href=\"https:\/\/www.hs.fi\/elama\/art-2000002847315.html\">Villapaitoja neulotaan nyt my\u00f6s koirille \u2013 t\u00e4ss\u00e4 konkarin neuvot<\/a><\/li>\n\n\n\n<li>HS: <a href=\"https:\/\/www.hs.fi\/hstv\/art-2000002943974.html\">N\u00e4in mittaat koiran villapaidan neulomista varten<\/a><\/li>\n\n\n\n<li>Lemmikkimedia: <a href=\"https:\/\/youtu.be\/HwmXCNBN_x0?si=_elosxzX-NRKDSE7\">Parsonrussellinterrieri rotuesittely<\/a><\/li>\n<\/ul>\n<\/div>\n<\/div>\n\n\n\n<figure class=\"wp-block-image size-large\"><img loading=\"lazy\" decoding=\"async\" width=\"811\" height=\"1024\" src=\"https:\/\/petramorbin.fi\/wp-content\/uploads\/2025\/01\/PetraMorbinKotivinkki-811x1024.jpg\" alt=\"\" class=\"wp-image-449\" srcset=\"https:\/\/petramorbin.fi\/wp-content\/uploads\/2025\/01\/PetraMorbinKotivinkki-811x1024.jpg 811w, https:\/\/petramorbin.fi\/wp-content\/uploads\/2025\/01\/PetraMorbinKotivinkki-238x300.jpg 238w, https:\/\/petramorbin.fi\/wp-content\/uploads\/2025\/01\/PetraMorbinKotivinkki-768x970.jpg 768w, https:\/\/petramorbin.fi\/wp-content\/uploads\/2025\/01\/PetraMorbinKotivinkki-48x60.jpg 48w, https:\/\/petramorbin.fi\/wp-content\/uploads\/2025\/01\/PetraMorbinKotivinkki.jpg 868w\" sizes=\"auto, (max-width: 811px) 100vw, 811px\" \/><figcaption class=\"wp-element-caption\">Kotivinkiss\u00e4 8\/2024 olleen jutun kuvituskuva. Kuva: Kotivinkki<\/figcaption><\/figure>\n","protected":false},"excerpt":{"rendered":"<p>Kokoan t\u00e4lle sivulle linkkej\u00e4 joihinkin juttuihin, joissa olen ollut mukana.<\/p>\n","protected":false},"author":1,"featured_media":47,"parent":7,"menu_order":1,"comment_status":"closed","ping_status":"closed","template":"","meta":{"footnotes":""},"class_list":["post-46","page","type-page","status-publish","has-post-thumbnail","hentry"],"_links":{"self":[{"href":"https:\/\/petramorbin.fi\/index.php?rest_route=\/wp\/v2\/pages\/46","targetHints":{"allow":["GET"]}}],"collection":[{"href":"https:\/\/petramorbin.fi\/index.php?rest_route=\/wp\/v2\/pages"}],"about":[{"href":"https:\/\/petramorbin.fi\/index.php?rest_route=\/wp\/v2\/types\/page"}],"author":[{"embeddable":true,"href":"https:\/\/petramorbin.fi\/index.php?rest_route=\/wp\/v2\/users\/1"}],"replies":[{"embeddable":true,"href":"https:\/\/petramorbin.fi\/index.php?rest_route=%2Fwp%2Fv2%2Fcomments&post=46"}],"version-history":[{"count":20,"href":"https:\/\/petramorbin.fi\/index.php?rest_route=\/wp\/v2\/pages\/46\/revisions"}],"predecessor-version":[{"id":547,"href":"https:\/\/petramorbin.fi\/index.php?rest_route=\/wp\/v2\/pages\/46\/revisions\/547"}],"up":[{"embeddable":true,"href":"https:\/\/petramorbin.fi\/index.php?rest_route=\/wp\/v2\/pages\/7"}],"wp:featuredmedia":[{"embeddable":true,"href":"https:\/\/petramorbin.fi\/index.php?rest_route=\/wp\/v2\/media\/47"}],"wp:attachment":[{"href":"https:\/\/petramorbin.fi\/index.php?rest_route=%2Fwp%2Fv2%2Fmedia&parent=46"}],"curies":[{"name":"wp","href":"https:\/\/api.w.org\/{rel}","templated":true}]}}