{"id":145,"date":"2024-06-06T12:35:25","date_gmt":"2024-06-06T12:35:25","guid":{"rendered":"https:\/\/petramorbin.fi\/?page_id=145"},"modified":"2025-06-24T08:18:55","modified_gmt":"2025-06-24T08:18:55","slug":"aluevaalit-2025","status":"publish","type":"page","link":"https:\/\/petramorbin.fi\/?page_id=145","title":{"rendered":"Aluevaalit 2025"},"content":{"rendered":"\n<p>Olen ehdolla aluevaaleissa 2025 Kokoomuksen riveiss\u00e4 L\u00e4nsi-Uudenmaan hyvinvointialueelle valittavaan valtuustoon. <\/p>\n\n\n\n<p>Ty\u00f6ss\u00e4ni ammatillisessa erityisoppilaitoksessa tehd\u00e4\u00e4n kolmen hyvinvointialueen kanssa yhteisty\u00f6t\u00e4. Hyvinvointialueen kautta tulevat esim kuraattorit, psykologit, terveydenhuolto, moni muu pitk\u00e4kestoinenkin tuki ja palvelu, joita joko ihan kuka tahansa oppilas tai opiskelija tarvitsee tai k\u00e4ytt\u00e4\u00e4 koulunsa puolesta ja erityisesti t\u00e4m\u00e4 korostuu meill\u00e4 erityisoppilaitoksissa. Heijastuma on mm. kirjavissa k\u00e4yt\u00e4nteiss\u00e4, asettaa monta opiskelijaa samojen seinienkin sis\u00e4ll\u00e4 eriarvoiseen asemaan riippuen siit\u00e4, mink\u00e4 hyvinvointialueen alueella on kirjoilla. Toinen merkitt\u00e4v\u00e4 ja omallakin kohdalla todella isosti vastaan tullut asia on toimivien palveluiden turvaaminen, kun h\u00e4t\u00e4 on k\u00e4sill\u00e4. Muutamia kertoja olen joutunut joko lapselleni, itselleni tai satunnaiselle henkil\u00f6lle soittamaan apua. Omalla kohdallani sairastumisten my\u00f6t\u00e4 olen saanut onnistuneet kokonaisuudet ja avun. T\u00e4m\u00e4 on ihan keskeist\u00e4 turvata yleisen\u00e4 kaikille koko hyvinvointivaltiossa eik\u00e4 kenenk\u00e4\u00e4n terveys saa olla kiinni heikon johtamien ja v\u00e4\u00e4rien p\u00e4\u00e4t\u00f6sten my\u00f6t\u00e4 tehdyiss\u00e4 heijastuksissa.<\/p>\n\n\n\n<p>Haluaisin olla turvaamassa etenkin jokaisen oppilaan (perusopetus) ja opiskelijan (toinen aste, korkea aste) palveluita. Tiivis yhteisty\u00f6 ja ymm\u00e4rrys puolin ja toisin tarpeista ovat keskeisi\u00e4 hyvinvointialueillakin ja aluevaltuustoissa olla ihmisi\u00e4, jotka tuntevat konkreettisella tasolla vaikutukset ja toiminnot.<\/p>\n\n\n\n<p><\/p>\n","protected":false},"excerpt":{"rendered":"<p>Olen ehdolla aluevaaleissa 2025 Kokoomuksen riveiss\u00e4 L\u00e4nsi-Uudenmaan hyvinvointialueelle valittavaan valtuustoon. Ty\u00f6ss\u00e4ni ammatillisessa erityisoppilaitoksessa tehd\u00e4\u00e4n kolmen hyvinvointialueen kanssa yhteisty\u00f6t\u00e4. Hyvinvointialueen kautta tulevat esim kuraattorit, psykologit, terveydenhuolto, moni muu pitk\u00e4kestoinenkin tuki ja palvelu, joita joko ihan kuka tahansa oppilas tai opiskelija tarvitsee tai k\u00e4ytt\u00e4\u00e4 koulunsa puolesta ja erityisesti t\u00e4m\u00e4 korostuu meill\u00e4 erityisoppilaitoksissa. Heijastuma on mm. kirjavissa k\u00e4yt\u00e4nteiss\u00e4, &hellip; <\/p>\n","protected":false},"author":1,"featured_media":271,"parent":7,"menu_order":3,"comment_status":"open","ping_status":"closed","template":"","meta":{"footnotes":""},"class_list":["post-145","page","type-page","status-publish","has-post-thumbnail","hentry"],"_links":{"self":[{"href":"https:\/\/petramorbin.fi\/index.php?rest_route=\/wp\/v2\/pages\/145","targetHints":{"allow":["GET"]}}],"collection":[{"href":"https:\/\/petramorbin.fi\/index.php?rest_route=\/wp\/v2\/pages"}],"about":[{"href":"https:\/\/petramorbin.fi\/index.php?rest_route=\/wp\/v2\/types\/page"}],"author":[{"embeddable":true,"href":"https:\/\/petramorbin.fi\/index.php?rest_route=\/wp\/v2\/users\/1"}],"replies":[{"embeddable":true,"href":"https:\/\/petramorbin.fi\/index.php?rest_route=%2Fwp%2Fv2%2Fcomments&post=145"}],"version-history":[{"count":3,"href":"https:\/\/petramorbin.fi\/index.php?rest_route=\/wp\/v2\/pages\/145\/revisions"}],"predecessor-version":[{"id":336,"href":"https:\/\/petramorbin.fi\/index.php?rest_route=\/wp\/v2\/pages\/145\/revisions\/336"}],"up":[{"embeddable":true,"href":"https:\/\/petramorbin.fi\/index.php?rest_route=\/wp\/v2\/pages\/7"}],"wp:featuredmedia":[{"embeddable":true,"href":"https:\/\/petramorbin.fi\/index.php?rest_route=\/wp\/v2\/media\/271"}],"wp:attachment":[{"href":"https:\/\/petramorbin.fi\/index.php?rest_route=%2Fwp%2Fv2%2Fmedia&parent=145"}],"curies":[{"name":"wp","href":"https:\/\/api.w.org\/{rel}","templated":true}]}}