{"id":12,"date":"2024-05-30T11:08:54","date_gmt":"2024-05-30T11:08:54","guid":{"rendered":"http:\/\/petramorbin.fi\/?page_id=12"},"modified":"2025-06-24T09:41:45","modified_gmt":"2025-06-24T09:41:45","slug":"cv","status":"publish","type":"page","link":"https:\/\/petramorbin.fi\/?page_id=12","title":{"rendered":"CV"},"content":{"rendered":"\n<p>T\u00e4h\u00e4n itselleni t\u00e4rkeist\u00e4 teemoista ja asioista: Ty\u00f6llistyminen, osaamisen ennakointi, osaaminen, oppiminen. Hyv\u00e4 johtaminen. Kehitt\u00e4misty\u00f6. <\/p>\n\n\n\n<p><strong>Ty\u00f6kokemukseni<\/strong>:<\/p>\n\n\n\n<ul class=\"wp-block-list\">\n<li>Oma toiminimi ja erilaisia freelance -keikkoja\/t\u00f6it\u00e4 2\/2009 &#8211;<\/li>\n\n\n\n<li>kehitysp\u00e4\u00e4llikk\u00f6, johtaminen ja kehitt\u00e4minen -yksikk\u00f6, Live S\u00e4\u00e4ti\u00f6, Ammattioppilaitos Live<\/li>\n\n\n\n<li>projektijohtaja, WorldSkills Occupational Standard Development Centre (WSOS-keskus), SkillsFinland \/ WorldSkills International<\/li>\n\n\n\n<li>palvelup\u00e4\u00e4llikk\u00f6, asiakas- ja neuvontapalvelut, asiakkuudet ja uudistuminen -yksik\u00f6ss\u00e4, Omnia<\/li>\n\n\n\n<li>projektip\u00e4\u00e4llikk\u00f6, Makoisaduuni<\/li>\n\n\n\n<li>asiakkuusvastaava, ty\u00f6el\u00e4m\u00e4yhteisty\u00f6n asiantuntija, StadinAO<\/li>\n\n\n\n<li>ammatillinen opettaja, Stadin Aikuisopisto (StadinAO)<\/li>\n\n\n\n<li>ammatillinen opettaja, Stadin Ammattioppilaitos (StadinAO, ent Helpa)<\/li>\n\n\n\n<li>vuorop\u00e4\u00e4llikk\u00f6, ravintola-ala<\/li>\n<\/ul>\n\n\n\n<div class=\"wp-block-columns is-layout-flex wp-container-core-columns-is-layout-9d6595d7 wp-block-columns-is-layout-flex\">\n<div class=\"wp-block-column is-layout-flow wp-block-column-is-layout-flow\">\n<p><strong>Koulutus:<\/strong><\/p>\n\n\n\n<ul class=\"wp-block-list\">\n<li>Digiajan palvelujohtaminen, johtaminen eri n\u00e4k\u00f6kulmista, restonomi YAMK, Lapin AMK, 2023 (MBA)<\/li>\n\n\n\n<li>Tuotekehitysty\u00f6n erikoisammattitutkinto, (proaktiivinen kehitt\u00e4minen, br\u00e4ndin rakentaminen, palvelumuotoilu), RastorInstituutti, 2020<\/li>\n\n\n\n<li>N\u00e4ytt\u00f6tutkintomestari, Haaga-Helia, 2013<\/li>\n\n\n\n<li>Ammatillinen opettaja, yritt\u00e4jyyteen kasvatus, aikuiskoulutus, HAMK, 2007<\/li>\n\n\n\n<li>Hotelli- ja ravintola-alan liikkeenjohto, restonomi AMK, Haaga Instituutti (Nyk Haaga-Helia), 2004<\/li>\n\n\n\n<li>Matkailualan ammattitutkinto, ohjelmapalveluiden tuottaminen, Sein\u00e4joen Aikuisoppilaitos (nyk SEDU)<\/li>\n\n\n\n<li>Hotelli-, ravintola- ja cateringalan esimiehen valmentava koulutus, Sein\u00e4joen Aikuisoppilaitos (nyk SEDU)<\/li>\n\n\n\n<li>Parturi-kampaaja, Sein\u00e4joen ammattioppilaitos (nyk SEDU)<\/li>\n\n\n\n<li>Taidegrafiikan linja, Kuusamon kansanopisto<\/li>\n<\/ul>\n<\/div>\n\n\n\n<div class=\"wp-block-column is-layout-flow wp-block-column-is-layout-flow\">\n<p><strong>Kurssit:<\/strong><\/p>\n\n\n\n<ul class=\"wp-block-list\">\n<li>Yritt\u00e4jyys osana uraa 5 op, Laurea avoin YAMK, 2024<\/li>\n\n\n\n<li>Valmentava pedagoginen johtamisote jatkuvassa muutoksessa 15 op, Haaga-Helia YAMK, OPH t\u00e4ydennyskoulutus, 2022<\/li>\n\n\n\n<li>Toimintakulttuurin ja pedagogisen laadun johtaminen 15 op, Metropolia YAMK, OPH:n t\u00e4ydennyskoulutus, 2020<\/li>\n\n\n\n<li>Service design 10 op, Haaga-Helia YAMK, 2016<\/li>\n\n\n\n<li>Strategia k\u00e4yt\u00e4nn\u00f6ss\u00e4 5 op, Haaga-Helia YAMK 2016<\/li>\n<\/ul>\n<\/div>\n<\/div>\n\n\n\n<div class=\"wp-block-columns is-layout-flex wp-container-core-columns-is-layout-9d6595d7 wp-block-columns-is-layout-flex\">\n<div class=\"wp-block-column is-layout-flow wp-block-column-is-layout-flow\">\n<p><strong>Muuta:<\/strong><\/p>\n\n\n\n<ul class=\"wp-block-list\">\n<li>Strateginen pedagoginen johtaminen ammatillisessa koulutuksesta, STRAPETSI-hankkeen aktiivinen toimija ja oman organisaation osalta projektip\u00e4\u00e4llikk\u00f6 2\/2024 &#8211;<\/li>\n\n\n\n<li>Oman talon rakennusprojekti 2021-2022<\/li>\n\n\n\n<li>Yhdess\u00e4 Parasta valtakunnallinen kehitt\u00e4misverkosto, 2021 \u2013 2022. Vertaisvalmennus, vertaisvalmentajana toimiminen. Ammatillisen koulutuksen ydinprosessien arjen laadunhallinta: henkil\u00f6kohtaistamisen laatu, ty\u00f6el\u00e4m\u00e4yhteisty\u00f6n laatu, arjen kumppanuus ty\u00f6el\u00e4m\u00e4yhteisty\u00f6ss\u00e4 sek\u00e4 erityinen tuki ty\u00f6paikoille. Kokonaisuuteen on sis\u00e4ltynyt my\u00f6s virtuaalifasilitointivalmennus sek\u00e4 muutospajaprosessit.<\/li>\n\n\n\n<li>Helsinki Coffee Festival, juontaja, 2015-2016<\/li>\n\n\n\n<li>SCAE Speciality Coffee Association, National Coordinator, 2007 &#8211; 2010<\/li>\n\n\n\n<li>Baristamaajoukkueen johtaja, SCAE World of Coffee Atlanta USA, 2009<\/li>\n\n\n\n<li>Baristamaajoukkueen johtaja, SCAE World of Coffee Copenhagen, 2008<\/li>\n\n\n\n<li>Nordic Barista Cup trip to Nicaragua, 2008<\/li>\n\n\n\n<li>Suomen Baristamaajoukkueessa, 2007 &#8211; 2009 (Nordic Barista Cup G\u00f6teborg 2007, Islanti 2009)<\/li>\n\n\n\n<li>Vuoden Barista, Barista SM-2, 2007<\/li>\n\n\n\n<li>BOLS bartender of the Year -semifinalisti 2002<\/li>\n<\/ul>\n<\/div>\n\n\n\n<div class=\"wp-block-column is-layout-flow wp-block-column-is-layout-flow\">\n<p><strong>Luottamustoimet:<\/strong><\/p>\n\n\n\n<ul class=\"wp-block-list\">\n<li>Espoon Kulttuuri- ja nuorisolautakunnan j\u00e4sen 6\/2025 &#8211;<\/li>\n\n\n\n<li>Espoon Kokoomuksen valtuustoryhm\u00e4n j\u00e4sen 4\/2025 &#8211;<\/li>\n\n\n\n<li>Espoon Kokoomuksen j\u00e4sen 2024 &#8211;<\/li>\n\n\n\n<li>Kalaj\u00e4rvi-Seuran hallituksessa (asukasyhdistys) 2023, 11\/2024 alkaen puheenjohtaja<\/li>\n\n\n\n<li>Paikallisaktiivi 2013 -&gt; (tapahtumia, tilaisuuksia, tempauksia, hyv\u00e4ntekev\u00e4isyys)<\/li>\n<\/ul>\n<\/div>\n<\/div>\n\n\n\n<figure class=\"wp-block-image size-large\"><img loading=\"lazy\" decoding=\"async\" width=\"1024\" height=\"768\" src=\"https:\/\/petramorbin.fi\/wp-content\/uploads\/2025\/01\/Strapetsillapodcast-1024x768.jpg\" alt=\"\" class=\"wp-image-457\" srcset=\"https:\/\/petramorbin.fi\/wp-content\/uploads\/2025\/01\/Strapetsillapodcast-1024x768.jpg 1024w, https:\/\/petramorbin.fi\/wp-content\/uploads\/2025\/01\/Strapetsillapodcast-300x225.jpg 300w, https:\/\/petramorbin.fi\/wp-content\/uploads\/2025\/01\/Strapetsillapodcast-768x576.jpg 768w, https:\/\/petramorbin.fi\/wp-content\/uploads\/2025\/01\/Strapetsillapodcast-1536x1152.jpg 1536w, https:\/\/petramorbin.fi\/wp-content\/uploads\/2025\/01\/Strapetsillapodcast-80x60.jpg 80w, https:\/\/petramorbin.fi\/wp-content\/uploads\/2025\/01\/Strapetsillapodcast.jpg 2016w\" sizes=\"auto, (max-width: 1024px) 100vw, 1024px\" \/><figcaption class=\"wp-element-caption\">Strapetsilla -podcastin nauhoituksista joulukuussa 2024: Katja Virta Step-koulutus, Jari P\u00f6yh\u00f6nen Salpaus, Varian rehtori Pekka Tauriainen ja min\u00e4. <a href=\"https:\/\/www.listennotes.com\/podcasts\/strapetsilla-podcast\/pedagogiikan-polttopisteess%C3%A4-pOq5i3QJ6a-\/\">Kuuntele jakso t\u00e4\u00e4lt\u00e4<\/a>.<\/figcaption><\/figure>\n\n\n\n<p><strong>Koiraharrastus CV:<\/strong><\/p>\n\n\n\n<div class=\"wp-block-columns is-layout-flex wp-container-core-columns-is-layout-9d6595d7 wp-block-columns-is-layout-flex\">\n<div class=\"wp-block-column is-layout-flow wp-block-column-is-layout-flow\">\n<p><strong>Menestyst\u00e4:<\/strong><\/p>\n\n\n\n<ul class=\"wp-block-list\">\n<li>SuKoKan kasvattaja -palkinto 2018<\/li>\n\n\n\n<li>Hopeinen ansiomerkki 15 vuotisesta ty\u00f6st\u00e4 yhdistyksen eteen, Parsonrussellinterrierit ry<\/li>\n\n\n\n<li>Terrierien ja m\u00e4yr\u00e4koirien vesiriistakokeen SM-3<\/li>\n\n\n\n<li>Vuoden Kasvattaja &#8211; 3 2016, Parsonrussellinterrierit ry<\/li>\n\n\n\n<li>Vuoden Kasvattaja 2015, Parsonrussellinterrierit ry<\/li>\n\n\n\n<li>Vuoden Kasvattaja 2014, Parsonrussellinterrierit ry<\/li>\n\n\n\n<li>Lauri Vuolasvirta -palkinto 2013<\/li>\n<\/ul>\n<\/div>\n\n\n\n<div class=\"wp-block-column is-layout-flow wp-block-column-is-layout-flow\">\n<p><strong>Luottamustoimet:<\/strong><\/p>\n\n\n\n<ul class=\"wp-block-list\">\n<li>SuKoKan Kasvattaja -lehden kolumnisti 2018-2019<\/li>\n\n\n\n<li>SuKoKa ry hallituksessa, viestint\u00e4\u00e4, 1 kausi<\/li>\n\n\n\n<li>Parsonrussellinterrierit ry: hallituksen j\u00e4sen, jalostustoimikunnan puheenjohtaja ja j\u00e4sen, n\u00e4yttelyharrastustoimikunnan perustaminen, puheenjohtajuus, lehtitoimikunnassa, yht 13 kautta<\/li>\n\n\n\n<li>Helsingin Agilityurheilijat ry, kilpailutoimikunnassa ja useissa kilpailuissa ylitoimitsija, kouluttaja 2000 &#8211; 2006<\/li>\n\n\n\n<li>Lakeuden Agilityurheilijat, hallituksen j\u00e4sen sek\u00e4 useissa kilpailuissa ylitoimitsija, kouluttaja 1998-2000<\/li>\n\n\n\n<li>Etel\u00e4-Pohjanmaan Kennelpiirin agilityjaoksen puheenjohtaja 1999-2000<\/li>\n<\/ul>\n<\/div>\n\n\n\n<div class=\"wp-block-column is-layout-flow wp-block-column-is-layout-flow\">\n<p><strong>Koulutukset:<\/strong><\/p>\n\n\n\n<ul class=\"wp-block-list\">\n<li>Vesiriistakokeiden toimitsija 2017<\/li>\n\n\n\n<li>Suomen Koirankasvattajat ry (SuKoKa) Kasvattaja-akatemia 2014<\/li>\n\n\n\n<li>Tunnistusmerkitsij\u00e4 2012 -&gt;<\/li>\n\n\n\n<li>Kasvattajan peruskurssi, 2010<\/li>\n\n\n\n<li>Ylituomarikurssi osa 1, 2001<\/li>\n\n\n\n<li>Kennel Green Perry&#8217;s, my\u00f6nnetty 1999<\/li>\n\n\n\n<li>Agilitytoimitsija, 1998<\/li>\n<\/ul>\n<\/div>\n<\/div>\n","protected":false},"excerpt":{"rendered":"<p>T\u00e4h\u00e4n itselleni t\u00e4rkeist\u00e4 teemoista ja asioista: Ty\u00f6llistyminen, osaamisen ennakointi, osaaminen, oppiminen. Hyv\u00e4 johtaminen. Kehitt\u00e4misty\u00f6. Ty\u00f6kokemukseni: Koulutus: Kurssit: Muuta: Luottamustoimet: Koiraharrastus CV: Menestyst\u00e4: Luottamustoimet: Koulutukset:<\/p>\n","protected":false},"author":1,"featured_media":99,"parent":0,"menu_order":2,"comment_status":"closed","ping_status":"closed","template":"","meta":{"footnotes":""},"class_list":["post-12","page","type-page","status-publish","has-post-thumbnail","hentry"],"_links":{"self":[{"href":"https:\/\/petramorbin.fi\/index.php?rest_route=\/wp\/v2\/pages\/12","targetHints":{"allow":["GET"]}}],"collection":[{"href":"https:\/\/petramorbin.fi\/index.php?rest_route=\/wp\/v2\/pages"}],"about":[{"href":"https:\/\/petramorbin.fi\/index.php?rest_route=\/wp\/v2\/types\/page"}],"author":[{"embeddable":true,"href":"https:\/\/petramorbin.fi\/index.php?rest_route=\/wp\/v2\/users\/1"}],"replies":[{"embeddable":true,"href":"https:\/\/petramorbin.fi\/index.php?rest_route=%2Fwp%2Fv2%2Fcomments&post=12"}],"version-history":[{"count":14,"href":"https:\/\/petramorbin.fi\/index.php?rest_route=\/wp\/v2\/pages\/12\/revisions"}],"predecessor-version":[{"id":554,"href":"https:\/\/petramorbin.fi\/index.php?rest_route=\/wp\/v2\/pages\/12\/revisions\/554"}],"wp:featuredmedia":[{"embeddable":true,"href":"https:\/\/petramorbin.fi\/index.php?rest_route=\/wp\/v2\/media\/99"}],"wp:attachment":[{"href":"https:\/\/petramorbin.fi\/index.php?rest_route=%2Fwp%2Fv2%2Fmedia&parent=12"}],"curies":[{"name":"wp","href":"https:\/\/api.w.org\/{rel}","templated":true}]}}